{"id":2,"date":"2017-05-02T15:30:59","date_gmt":"2017-05-02T15:30:59","guid":{"rendered":"http:\/\/horlogers.ca\/?page_id=2"},"modified":"2025-06-08T18:29:16","modified_gmt":"2025-06-08T18:29:16","slug":"accueil","status":"publish","type":"page","link":"http:\/\/horlogers.ca\/accueil\/","title":{"rendered":"Page principale"},"content":{"rendered":"<p>[vc_row row_type=\u00a0\u00bbrow\u00a0\u00bb use_row_as_full_screen_section=\u00a0\u00bbyes\u00a0\u00bb type=\u00a0\u00bbfull_width\u00a0\u00bb in_content_menu=\u00a0\u00bbin_content_menu\u00a0\u00bb content_menu_title=\u00a0\u00bbPr\u00e9sentation\u00a0\u00bb content_menu_icon=\u00a0\u00bb\u00a0\u00bb angled_section=\u00a0\u00bbno\u00a0\u00bb text_align=\u00a0\u00bbleft\u00a0\u00bb background_image=\u00a0\u00bb14&Prime; background_image_as_pattern=\u00a0\u00bbwith_pattern\u00a0\u00bb css_animation=\u00a0\u00bb\u00a0\u00bb css=\u00a0\u00bb.vc_custom_1498100762559{margin-right: 0px !important;margin-left: 0px !important;border-right-width: 0px !important;border-left-width: 0px !important;padding-right: 0px !important;padding-left: 0px !important;background-image: url(http:\/\/horlogers.ca\/wp-content\/uploads\/2017\/05\/servicebg.jpg?id=14) !important;background-position: 0 0 !important;background-repeat: repeat !important;}\u00a0\u00bb][vc_column css=\u00a0\u00bb.vc_custom_1498100694462{background: rgba(255,255,255,0.01) url(http:\/\/horlogers.ca\/wp-content\/uploads\/2017\/05\/servicebg.jpg?id=14) !important;background-position: 0 0 !important;background-repeat: repeat !important;*background-color: rgb(255,255,255) !important;}\u00a0\u00bb][vc_single_image image=\u00a0\u00bb196&Prime; img_size=\u00a0\u00bbmedium\u00a0\u00bb alignment=\u00a0\u00bbcenter\u00a0\u00bb qode_css_animation=\u00a0\u00bb\u00a0\u00bb][vc_empty_space height=\u00a0\u00bb50px\u00a0\u00bb][vc_row_inner row_type=\u00a0\u00bbrow\u00a0\u00bb type=\u00a0\u00bbfull_width\u00a0\u00bb text_align=\u00a0\u00bbleft\u00a0\u00bb background_color=\u00a0\u00bbrgba(255,255,255,0)\u00a0\u00bb css_animation=\u00a0\u00bb\u00a0\u00bb][vc_column_inner width=\u00a0\u00bb1\/4&Prime;][\/vc_column_inner][vc_column_inner width=\u00a0\u00bb1\/2&Prime;][vc_column_text]<\/p>\n<h3 data-canvas-width=\"107.98417628665881\">\u00a0Juans-Dominic Brouillette<\/h3>\n<div data-canvas-width=\"107.98417628665881\">[vc_separator type=&rsquo;transparent&rsquo; position=&rsquo;center&rsquo; color=\u00a0\u00bb thickness=\u00a0\u00bb up=\u00a0\u00bb down=\u00a0\u00bb]<\/div>\n<div data-canvas-width=\"107.98417628665881\"><\/div>\n<div data-canvas-width=\"688.9368603101412\"><img loading=\"lazy\" decoding=\"async\" class=\"size-thumbnail wp-image-77 alignleft\" src=\"http:\/\/horlogers.ca\/wp-content\/uploads\/2017\/05\/10500460_10152704731819538_7191646460812302948_n-150x150.jpg\" alt=\"\" width=\"150\" height=\"150\" srcset=\"http:\/\/horlogers.ca\/wp-content\/uploads\/2017\/05\/10500460_10152704731819538_7191646460812302948_n-150x150.jpg 150w, http:\/\/horlogers.ca\/wp-content\/uploads\/2017\/05\/10500460_10152704731819538_7191646460812302948_n-300x300.jpg 300w, http:\/\/horlogers.ca\/wp-content\/uploads\/2017\/05\/10500460_10152704731819538_7191646460812302948_n-570x570.jpg 570w, http:\/\/horlogers.ca\/wp-content\/uploads\/2017\/05\/10500460_10152704731819538_7191646460812302948_n-500x500.jpg 500w, http:\/\/horlogers.ca\/wp-content\/uploads\/2017\/05\/10500460_10152704731819538_7191646460812302948_n-700x700.jpg 700w, http:\/\/horlogers.ca\/wp-content\/uploads\/2017\/05\/10500460_10152704731819538_7191646460812302948_n.jpg 720w\" sizes=\"auto, (max-width: 150px) 100vw, 150px\" \/>Les horloges font parties de mes passions depuis 1977. J&rsquo;avais 10 ans \u00e0 l&rsquo;\u00e9poque et je regardais mon grand-p\u00e8re r\u00e9parer des montres et cela me fascinait d\u00e9j\u00e0 beaucoup. Je lui ai dit alors \u00abGrand-papa, je pense que je vais devenir horloger.\u00bb<\/div>\n<div data-canvas-width=\"361.55464730209025\"><\/div>\n<div data-canvas-width=\"361.55464730209025\"><\/div>\n<div data-canvas-width=\"361.55464730209025\"><\/div>\n<div data-canvas-width=\"361.55464730209025\"><\/div>\n<div data-canvas-width=\"361.55464730209025\">Mon grand-p\u00e8re, Andr\u00e9 Brouillette m\u035ba transmis sa passion qu&rsquo;il avait lui-m\u00eame h\u00e9rit\u00e9 de son p\u00e8re.<\/div>\n<div data-canvas-width=\"361.55464730209025\">[vc_separator type=&rsquo;transparent&rsquo; position=&rsquo;center&rsquo; color=\u00a0\u00bb thickness=\u00a0\u00bb up=\u00a0\u00bb down=\u00a0\u00bb]<\/div>\n<div data-canvas-width=\"361.55464730209025\">[vc_separator type=&rsquo;transparent&rsquo; position=&rsquo;center&rsquo; color=\u00a0\u00bb thickness=\u00a0\u00bb up=\u00a0\u00bb down=\u00a0\u00bb]<\/div>\n<div><\/div>\n<ul>\n<li data-canvas-width=\"523.9158033256942\">Dipl\u00f4m\u00e9 de l&rsquo;\u00e9cole d&rsquo;horlogerie de Montr\u00e9al en 1987<\/li>\n<li data-canvas-width=\"305.74309759590113\">Employ\u00e9 \u00e0 Miami en Floride de 1987 \u00e0 1989<\/li>\n<li data-canvas-width=\"656.1603025866337\">Horloger \u00e0 la Pendulerie Antique sur St-Denis \u00e0 Montr\u00e9al de 1990 \u00e0 1994.<\/li>\n<li>Horloger \u00e0 la bijouterie Veronneau \u00e0 Longueuil de 1994 \u00e0 2002<\/li>\n<li>Horloger \u00e0 la bijouterie Guy Serres \u00e0 La Prairie de 2002 \u00e0 2014<\/li>\n<\/ul>\n<div>J&rsquo;ai toujours travaill\u00e9 \u00e0 mon compte durant mes ann\u00e9es comme horloger dans les bijouteries mais, en 2013, j\u035bai r\u00e9alis\u00e9 un r\u00eave et ouvert mon propre atelier de r\u00e9paration horloges.<\/div>\n<p>[\/vc_column_text][vc_empty_space height=\u00a0\u00bb160px\u00a0\u00bb][\/vc_column_inner][vc_column_inner width=\u00a0\u00bb1\/4&Prime;][\/vc_column_inner][\/vc_row_inner][\/vc_column][\/vc_row][vc_row row_type=\u00a0\u00bbparallax\u00a0\u00bb parallax_content_width=\u00a0\u00bbin_grid\u00a0\u00bb in_content_menu=\u00a0\u00bbin_content_menu\u00a0\u00bb content_menu_icon=\u00a0\u00bb\u00a0\u00bb text_align=\u00a0\u00bbcenter\u00a0\u00bb background_image=\u00a0\u00bb104&Prime; full_screen_section_height=\u00a0\u00bbyes\u00a0\u00bb vertically_align_content_in_middle=\u00a0\u00bbyes\u00a0\u00bb css=\u00a0\u00bb.vc_custom_1589147045984{padding-top: 30px !important;padding-bottom: 30px !important;background-image: url(http:\/\/horlogers.ca\/wp-content\/uploads\/2017\/05\/14937083_10154180368064538_2093462558_n.jpg?id=22) !important;}\u00a0\u00bb][vc_column][vc_empty_space height=\u00a0\u00bb50px\u00a0\u00bb][vc_single_image image=\u00a0\u00bb423&Prime; img_size=\u00a0\u00bbmedium\u00a0\u00bb alignment=\u00a0\u00bbcenter\u00a0\u00bb qode_css_animation=\u00a0\u00bb\u00a0\u00bb][vc_empty_space height=\u00a0\u00bb50px\u00a0\u00bb][vc_row_inner row_type=\u00a0\u00bbrow\u00a0\u00bb use_as_box=\u00a0\u00bbuse_row_as_box\u00a0\u00bb type=\u00a0\u00bbgrid\u00a0\u00bb text_align=\u00a0\u00bbcenter\u00a0\u00bb row_negative_margin=\u00a0\u00bbdisable_negative_margin\u00a0\u00bb css_animation=\u00a0\u00bb\u00a0\u00bb css=\u00a0\u00bb.vc_custom_1589143404433{margin-bottom: 20px !important;padding-right: 10px !important;padding-left: 10px !important;}\u00a0\u00bb][vc_column_inner width=\u00a0\u00bb1\/4&Prime; offset=\u00a0\u00bbvc_col-lg-offset-4 vc_col-lg-4 vc_col-xs-12&Prime; css=\u00a0\u00bb.vc_custom_1743549998378{margin-right: 40px !important;margin-left: 20px !important;padding-top: 20px !important;padding-right: 20px !important;padding-bottom: 20px !important;padding-left: 20px !important;background-image: url(http:\/\/horlogers.ca\/wp-content\/uploads\/2017\/05\/servicebg.jpg?id=14) !important;background-position: 0 0 !important;background-repeat: repeat !important;}\u00a0\u00bb][service_table title=\u00a0\u00bbHORLOGES\u00a0\u00bb title_tag=\u00a0\u00bbh2&Prime; title_background_type=\u00a0\u00bbbackground_color_type\u00a0\u00bb icon=\u00a0\u00bb\u00a0\u00bb icon_size=\u00a0\u00bbfa-lg\u00a0\u00bb border=\u00a0\u00bbyes\u00a0\u00bb border_width=\u00a0\u00bb1&Prime; border_color=\u00a0\u00bb#000000&Prime; title_color=\u00a0\u00bb#b5a573&Prime; content_background_color=\u00a0\u00bbrgba(0,0,0,0.01)\u00a0\u00bb][vc_separator type=&rsquo;normal&rsquo; position=&rsquo;center&rsquo; color=\u00a0\u00bb thickness=&rsquo;0&prime; up=&rsquo;10&rsquo; down=&rsquo;10&rsquo;]<\/p>\n<ul>\n<li style=\"text-align: left;\">\n<h6>R\u00e9paration d&rsquo;horloges antiques, m\u00e9caniques, Grand-p\u00e8re, coucou, comtoise et plusieurs marque et mod\u00e8le\u00a0diff\u00e9rent.<\/h6>\n<\/li>\n<li>\n<h6 style=\"text-align: left;\">Service \u00e0 domicile<\/h6>\n<\/li>\n<li style=\"text-align: left;\">\n<h6>Vente<\/h6>\n<\/li>\n<li style=\"text-align: left;\">\n<h6>\u00c9change<\/h6>\n<\/li>\n<li style=\"text-align: left;\">\n<h6>\u00c9valuation de valeur marchande<\/h6>\n<\/li>\n<li>\n<h6 style=\"text-align: left;\">D\u00e9placement en r\u00e9sidence pour ain\u00e9s avec kiosque de service sur demande<\/h6>\n<\/li>\n<li style=\"text-align: left;\">\n<h6>Expertise avec diverses m\u00e9caniques d&rsquo;horloges<\/h6>\n<\/li>\n<li style=\"text-align: left;\">\n<h6>30 ans d&rsquo;exp\u00e9rience<\/h6>\n<\/li>\n<li style=\"text-align: left;\">\n<h6>Travail pr\u00e9cis et professionnel<\/h6>\n<\/li>\n<li style=\"text-align: left;\">\n<h6>Suivi en ligne de vos r\u00e9parations<\/h6>\n<\/li>\n<li>\n<h6 style=\"text-align: left;\">Satisfaction garantie<\/h6>\n<\/li>\n<li style=\"text-align: left;\">\n<h6>[vc_separator type=&rsquo;transparent&rsquo; position=&rsquo;center&rsquo; color=\u00a0\u00bb thickness=\u00a0\u00bb up=\u00a0\u00bb down=\u00a0\u00bb]<\/h6>\n<\/li>\n<\/ul>\n<p>[\/service_table][\/vc_column_inner][\/vc_row_inner][\/vc_column][\/vc_row][vc_row row_type=\u00a0\u00bbrow\u00a0\u00bb use_row_as_full_screen_section=\u00a0\u00bbyes\u00a0\u00bb type=\u00a0\u00bbfull_width\u00a0\u00bb in_content_menu=\u00a0\u00bbin_content_menu\u00a0\u00bb content_menu_title=\u00a0\u00bbPr\u00e9sentation\u00a0\u00bb content_menu_icon=\u00a0\u00bb\u00a0\u00bb angled_section=\u00a0\u00bbno\u00a0\u00bb text_align=\u00a0\u00bbcenter\u00a0\u00bb background_image_as_pattern=\u00a0\u00bbwith_pattern\u00a0\u00bb css_animation=\u00a0\u00bb\u00a0\u00bb css=\u00a0\u00bb.vc_custom_1589140435971{margin-right: 0px !important;margin-left: 0px !important;border-right-width: 0px !important;border-left-width: 0px !important;padding-right: 0px !important;padding-left: 0px !important;background-position: 0 0 !important;background-repeat: repeat !important;}\u00a0\u00bb][vc_column width=\u00a0\u00bb1\/4&Prime;][\/vc_column][vc_column width=\u00a0\u00bb1\/2&Prime;][\/vc_column][vc_column width=\u00a0\u00bb1\/4&Prime;][\/vc_column][\/vc_row][vc_row row_type=\u00a0\u00bbrow\u00a0\u00bb use_row_as_full_screen_section=\u00a0\u00bbyes\u00a0\u00bb type=\u00a0\u00bbfull_width\u00a0\u00bb in_content_menu=\u00a0\u00bbin_content_menu\u00a0\u00bb content_menu_title=\u00a0\u00bbPr\u00e9sentation\u00a0\u00bb content_menu_icon=\u00a0\u00bb\u00a0\u00bb angled_section=\u00a0\u00bbno\u00a0\u00bb text_align=\u00a0\u00bbleft\u00a0\u00bb background_image=\u00a0\u00bb217&Prime; background_image_as_pattern=\u00a0\u00bbwith_pattern\u00a0\u00bb css_animation=\u00a0\u00bb\u00a0\u00bb css=\u00a0\u00bb.vc_custom_1498235361329{margin-right: 0px !important;margin-left: 0px !important;border-right-width: 0px !important;border-left-width: 0px !important;padding-right: 0px !important;padding-left: 0px !important;background-position: 0 0 !important;background-repeat: repeat !important;}\u00a0\u00bb][vc_column][vc_empty_space height=\u00a0\u00bb50px\u00a0\u00bb][vc_single_image image=\u00a0\u00bb315&Prime; img_size=\u00a0\u00bbmedium\u00a0\u00bb alignment=\u00a0\u00bbcenter\u00a0\u00bb qode_css_animation=\u00a0\u00bb\u00a0\u00bb][vc_empty_space height=\u00a0\u00bb50px\u00a0\u00bb][vc_row_inner row_type=\u00a0\u00bbrow\u00a0\u00bb type=\u00a0\u00bbfull_width\u00a0\u00bb text_align=\u00a0\u00bbleft\u00a0\u00bb css_animation=\u00a0\u00bb\u00a0\u00bb][vc_column_inner width=\u00a0\u00bb1\/4&Prime;][\/vc_column_inner][vc_column_inner width=\u00a0\u00bb1\/2&Prime;][vc_gallery type=\u00a0\u00bbimage_grid\u00a0\u00bb images=\u00a0\u00bb129,126,116,118,117,119,120,132,134,141,138,149,145,137,136,174,165,164,182,123&Prime; column_number=\u00a0\u00bb5&Prime; grayscale=\u00a0\u00bbno\u00a0\u00bb images_space=\u00a0\u00bbgallery_with_space\u00a0\u00bb][\/vc_column_inner][vc_column_inner width=\u00a0\u00bb1\/4&Prime;][\/vc_column_inner][\/vc_row_inner][vc_empty_space height=\u00a0\u00bb100px\u00a0\u00bb][\/vc_column][vc_column][\/vc_column][\/vc_row][vc_row row_type=\u00a0\u00bbparallax\u00a0\u00bb parallax_content_width=\u00a0\u00bbin_grid\u00a0\u00bb anchor=\u00a0\u00bbcontact\u00a0\u00bb text_align=\u00a0\u00bbleft\u00a0\u00bb background_image=\u00a0\u00bb271&Prime; full_screen_section_height=\u00a0\u00bbno\u00a0\u00bb css=\u00a0\u00bb.vc_custom_1519919267272{background-position: 0 0 !important;background-repeat: repeat !important;}\u00a0\u00bb el_id=\u00a0\u00bbContact\u00a0\u00bb][vc_column width=\u00a0\u00bb1\/3&Prime;][\/vc_column][vc_column width=\u00a0\u00bb1\/3&Prime;][vc_empty_space height=\u00a0\u00bb50px\u00a0\u00bb][vc_single_image image=\u00a0\u00bb272&Prime; img_size=\u00a0\u00bbmedium\u00a0\u00bb alignment=\u00a0\u00bbcenter\u00a0\u00bb qode_css_animation=\u00a0\u00bb\u00a0\u00bb][vc_empty_space height=\u00a0\u00bb50px\u00a0\u00bb][vc_column_text]<\/p>\n<h3><span style=\"color: #c7bf95;\"><img loading=\"lazy\" decoding=\"async\" class=\"alignnone size-full wp-image-240\" src=\"http:\/\/horlogers.ca\/wp-content\/uploads\/2017\/05\/Sans-titre-1.png\" alt=\"\" width=\"47\" height=\"47\" \/>CONTACT<\/span><\/h3>\n<h4><span style=\"color: #c7bf95;\">T\u00e9l et SMS: <\/span><\/h4>\n<p><span style=\"color: #ffffff;\">514-549-4317<\/span><\/p>\n<h4><span style=\"color: #c7bf95;\">Email: <\/span><\/h4>\n<p><a href=\"mailto:horloger.dominic@gmail.com\"><span style=\"color: #ffffff;\">horloger.dominic@gmail.com<\/span><\/a><\/p>\n<h4><span style=\"color: #c7bf95;\">Adresse: <\/span><\/h4>\n<p><span style=\"color: #ffffff;\">2797 Joseph-Nolin, Montreal, H1L 4H4 (Sur rendez-vous seulement)<\/span>[\/vc_column_text][vc_empty_space height=\u00a0\u00bb100px\u00a0\u00bb][vc_empty_space height=\u00a0\u00bb100px\u00a0\u00bb][\/vc_column][vc_column width=\u00a0\u00bb1\/3&Prime;][\/vc_column][\/vc_row][vc_row row_type=\u00a0\u00bbrow\u00a0\u00bb use_row_as_full_screen_section=\u00a0\u00bbyes\u00a0\u00bb type=\u00a0\u00bbfull_width\u00a0\u00bb in_content_menu=\u00a0\u00bbin_content_menu\u00a0\u00bb content_menu_title=\u00a0\u00bbPr\u00e9sentation\u00a0\u00bb content_menu_icon=\u00a0\u00bb\u00a0\u00bb angled_section=\u00a0\u00bbno\u00a0\u00bb text_align=\u00a0\u00bbcenter\u00a0\u00bb background_image=\u00a0\u00bb217&Prime; background_image_as_pattern=\u00a0\u00bbwith_pattern\u00a0\u00bb css_animation=\u00a0\u00bb\u00a0\u00bb css=\u00a0\u00bb.vc_custom_1498256591654{margin-right: 0px !important;margin-left: 0px !important;border-right-width: 0px !important;border-left-width: 0px !important;padding-right: 0px !important;padding-left: 0px !important;background-position: 0 0 !important;background-repeat: repeat !important;}\u00a0\u00bb][vc_column][vc_empty_space height=\u00a0\u00bb50px\u00a0\u00bb][vc_single_image image=\u00a0\u00bb257&Prime; img_size=\u00a0\u00bbmedium\u00a0\u00bb alignment=\u00a0\u00bbcenter\u00a0\u00bb qode_css_animation=\u00a0\u00bb\u00a0\u00bb][vc_row_inner row_type=\u00a0\u00bbrow\u00a0\u00bb type=\u00a0\u00bbfull_width\u00a0\u00bb text_align=\u00a0\u00bbcenter\u00a0\u00bb css_animation=\u00a0\u00bb\u00a0\u00bb css=\u00a0\u00bb.vc_custom_1498256601340{background-position: 0 0 !important;background-repeat: repeat !important;}\u00a0\u00bb][vc_column_inner width=\u00a0\u00bb1\/6&Prime;][\/vc_column_inner][vc_column_inner width=\u00a0\u00bb1\/6&Prime;][\/vc_column_inner][vc_column_inner width=\u00a0\u00bb1\/6&Prime;][social_icons type=\u00a0\u00bbsquare_social\u00a0\u00bb icon=\u00a0\u00bbfa-facebook\u00a0\u00bb use_custom_size=\u00a0\u00bbno\u00a0\u00bb size=\u00a0\u00bbfa-2x\u00a0\u00bb link=\u00a0\u00bbhttps:\/\/www.facebook.com\/Juans-Dominic-Brouillette-Horloger-228766250576740\/\u00a0\u00bb target=\u00a0\u00bb_self\u00a0\u00bb icon_color=\u00a0\u00bb#ffffff\u00a0\u00bb background_color_transparency=\u00a0\u00bb0&Prime; background_color=\u00a0\u00bbrgba(0,0,0,0.01)\u00a0\u00bb border_width=\u00a0\u00bb2&Prime; border_color=\u00a0\u00bb#ffffff\u00a0\u00bb icon_hover_color=\u00a0\u00bb#000000&Prime; background_hover_color=\u00a0\u00bb#dbdbdb\u00a0\u00bb][\/vc_column_inner][vc_column_inner width=\u00a0\u00bb1\/6&Prime;][social_icons type=\u00a0\u00bbsquare_social\u00a0\u00bb icon=\u00a0\u00bbfa-instagram\u00a0\u00bb use_custom_size=\u00a0\u00bbno\u00a0\u00bb size=\u00a0\u00bbfa-2x\u00a0\u00bb link=\u00a0\u00bbhttps:\/\/www.instagram.com\/clockdogram\/\u00a0\u00bb target=\u00a0\u00bb_self\u00a0\u00bb icon_color=\u00a0\u00bb#ffffff\u00a0\u00bb background_hover_color=\u00a0\u00bb#e0e0e0&Prime; background_color_transparency=\u00a0\u00bb0&Prime; border_width=\u00a0\u00bb2&Prime; border_color=\u00a0\u00bb#ffffff\u00a0\u00bb background_color=\u00a0\u00bbrgba(0,0,0,0.01)\u00a0\u00bb icon_hover_color=\u00a0\u00bb#000000&Prime;][\/vc_column_inner][vc_column_inner width=\u00a0\u00bb1\/6&Prime;][\/vc_column_inner][vc_column_inner width=\u00a0\u00bb1\/6&Prime;][\/vc_column_inner][\/vc_row_inner][vc_empty_space height=\u00a0\u00bb100px\u00a0\u00bb][\/vc_column][\/vc_row][vc_row row_type=\u00a0\u00bbrow\u00a0\u00bb use_row_as_full_screen_section=\u00a0\u00bbno\u00a0\u00bb type=\u00a0\u00bbfull_width\u00a0\u00bb angled_section=\u00a0\u00bbno\u00a0\u00bb text_align=\u00a0\u00bbleft\u00a0\u00bb background_image_as_pattern=\u00a0\u00bbwithout_pattern\u00a0\u00bb css_animation=\u00a0\u00bb\u00a0\u00bb][vc_column][vc_empty_space height=\u00a0\u00bb30px\u00a0\u00bb][vc_column_text]<\/p>\n<p style=\"text-align: center;\">Site web fait \u00e0 la main par :<\/p>\n<p style=\"text-align: center;\"><a href=\"https:\/\/www.facebook.com\/alexauthier\"><span style=\"color: #c2bc84;\">ALEXANDRE AUTHIER<\/span><\/a><\/p>\n<p>[\/vc_column_text][\/vc_column][\/vc_row]<\/p>\n","protected":false},"excerpt":{"rendered":"<p>[vc_row row_type=\u00a0\u00bbrow\u00a0\u00bb use_row_as_full_screen_section=\u00a0\u00bbyes\u00a0\u00bb type=\u00a0\u00bbfull_width\u00a0\u00bb in_content_menu=\u00a0\u00bbin_content_menu\u00a0\u00bb content_menu_title=\u00a0\u00bbPr\u00e9sentation\u00a0\u00bb content_menu_icon=\u00a0\u00bb\u00a0\u00bb angled_section=\u00a0\u00bbno\u00a0\u00bb text_align=\u00a0\u00bbleft\u00a0\u00bb background_image=\u00a0\u00bb14&Prime; background_image_as_pattern=\u00a0\u00bbwith_pattern\u00a0\u00bb css_animation=\u00a0\u00bb\u00a0\u00bb css=\u00a0\u00bb.vc_custom_1498100762559{margin-right: 0px !important;margin-left: 0px !important;border-right-width: 0px !important;border-left-width: 0px !important;padding-right: 0px !important;padding-left: 0px !important;background-image: url(http:\/\/horlogers.ca\/wp-content\/uploads\/2017\/05\/servicebg.jpg?id=14) !important;background-position: 0 0 !important;background-repeat: repeat !important;}\u00a0\u00bb][vc_column css=\u00a0\u00bb.vc_custom_1498100694462{background: rgba(255,255,255,0.01) url(http:\/\/horlogers.ca\/wp-content\/uploads\/2017\/05\/servicebg.jpg?id=14) !important;background-position: 0 0 !important;background-repeat: repeat !important;*background-color: rgb(255,255,255) !important;}\u00a0\u00bb][vc_single_image image=\u00a0\u00bb196&Prime; img_size=\u00a0\u00bbmedium\u00a0\u00bb alignment=\u00a0\u00bbcenter\u00a0\u00bb qode_css_animation=\u00a0\u00bb\u00a0\u00bb][vc_empty_space height=\u00a0\u00bb50px\u00a0\u00bb][vc_row_inner row_type=\u00a0\u00bbrow\u00a0\u00bb type=\u00a0\u00bbfull_width\u00a0\u00bb text_align=\u00a0\u00bbleft\u00a0\u00bb background_color=\u00a0\u00bbrgba(255,255,255,0)\u00a0\u00bb css_animation=\u00a0\u00bb\u00a0\u00bb][vc_column_inner width=\u00a0\u00bb1\/4&Prime;][\/vc_column_inner][vc_column_inner width=\u00a0\u00bb1\/2&Prime;][vc_column_text] [&hellip;]<\/p>\n","protected":false},"author":1,"featured_media":0,"parent":0,"menu_order":0,"comment_status":"closed","ping_status":"open","template":"full_width.php","meta":{"footnotes":""},"class_list":["post-2","page","type-page","status-publish","hentry"],"_links":{"self":[{"href":"http:\/\/horlogers.ca\/accueil\/wp-json\/wp\/v2\/pages\/2","targetHints":{"allow":["GET"]}}],"collection":[{"href":"http:\/\/horlogers.ca\/accueil\/wp-json\/wp\/v2\/pages"}],"about":[{"href":"http:\/\/horlogers.ca\/accueil\/wp-json\/wp\/v2\/types\/page"}],"author":[{"embeddable":true,"href":"http:\/\/horlogers.ca\/accueil\/wp-json\/wp\/v2\/users\/1"}],"replies":[{"embeddable":true,"href":"http:\/\/horlogers.ca\/accueil\/wp-json\/wp\/v2\/comments?post=2"}],"version-history":[{"count":179,"href":"http:\/\/horlogers.ca\/accueil\/wp-json\/wp\/v2\/pages\/2\/revisions"}],"predecessor-version":[{"id":458,"href":"http:\/\/horlogers.ca\/accueil\/wp-json\/wp\/v2\/pages\/2\/revisions\/458"}],"wp:attachment":[{"href":"http:\/\/horlogers.ca\/accueil\/wp-json\/wp\/v2\/media?parent=2"}],"curies":[{"name":"wp","href":"https:\/\/api.w.org\/{rel}","templated":true}]}}